{"id":258,"date":"2025-07-25T10:10:54","date_gmt":"2025-07-25T10:10:54","guid":{"rendered":"http:\/\/studionavaya.fr\/index.php\/le-coachs\/"},"modified":"2026-02-26T10:10:27","modified_gmt":"2026-02-26T10:10:27","slug":"led-coachs","status":"publish","type":"page","link":"https:\/\/studionavaya.fr\/index.php\/led-coachs\/","title":{"rendered":"LES COACHS"},"content":{"rendered":"\n\n\n\n\n\n\n\n\n\n","protected":false},"excerpt":{"rendered":"","protected":false},"author":1,"featured_media":0,"parent":0,"menu_order":0,"comment_status":"closed","ping_status":"closed","template":"","meta":{"saved_in_kubio":true,"footnotes":""},"class_list":["post-258","page","type-page","status-publish","hentry"],"kubio_ai_page_context":{"short_desc":"","purpose":"general"},"yoast_head":"<!-- This site is optimized with the Yoast SEO plugin v25.6 - https:\/\/yoast.com\/wordpress\/plugins\/seo\/ -->\n<title>Nos Coachs Pilates \u00e0 Plaisance-du-Touch | Studio Navaya<\/title>\n<meta name=\"description\" content=\"Faites connaissance avec les coachs de Studio Navaya \u00e0 Plaisance-du-Touch. Une \u00e9quipe bienveillante et experte en Pilates et Yoga\" \/>\n<meta name=\"robots\" content=\"index, follow, max-snippet:-1, max-image-preview:large, max-video-preview:-1\" \/>\n<link rel=\"canonical\" href=\"https:\/\/studionavaya.fr\/index.php\/led-coachs\/\" \/>\n<meta property=\"og:locale\" content=\"fr_FR\" \/>\n<meta property=\"og:type\" content=\"article\" \/>\n<meta property=\"og:title\" content=\"Nos Coachs Pilates \u00e0 Plaisance-du-Touch | Studio Navaya\" \/>\n<meta property=\"og:description\" content=\"Faites connaissance avec les coachs de Studio Navaya \u00e0 Plaisance-du-Touch. Une \u00e9quipe bienveillante et experte en Pilates et Yoga\" \/>\n<meta property=\"og:url\" content=\"https:\/\/studionavaya.fr\/index.php\/led-coachs\/\" \/>\n<meta property=\"og:site_name\" content=\"Studio Navaya\" \/>\n<meta property=\"article:publisher\" content=\"https:\/\/www.facebook.com\/people\/Studio-Navaya\/61578017626434\/?_rdr\" \/>\n<meta property=\"article:modified_time\" content=\"2026-02-26T10:10:27+00:00\" \/>\n<meta name=\"twitter:card\" content=\"summary_large_image\" \/>\n<script type=\"application\/ld+json\" class=\"yoast-schema-graph\">{\"@context\":\"https:\/\/schema.org\",\"@graph\":[{\"@type\":\"WebPage\",\"@id\":\"https:\/\/studionavaya.fr\/index.php\/led-coachs\/\",\"url\":\"https:\/\/studionavaya.fr\/index.php\/led-coachs\/\",\"name\":\"Nos Coachs Pilates \u00e0 Plaisance-du-Touch | Studio Navaya\",\"isPartOf\":{\"@id\":\"https:\/\/studionavaya.fr\/#website\"},\"datePublished\":\"2025-07-25T10:10:54+00:00\",\"dateModified\":\"2026-02-26T10:10:27+00:00\",\"description\":\"Faites connaissance avec les coachs de Studio Navaya \u00e0 Plaisance-du-Touch. Une \u00e9quipe bienveillante et experte en Pilates et Yoga\",\"breadcrumb\":{\"@id\":\"https:\/\/studionavaya.fr\/index.php\/led-coachs\/#breadcrumb\"},\"inLanguage\":\"fr-FR\",\"potentialAction\":[{\"@type\":\"ReadAction\",\"target\":[\"https:\/\/studionavaya.fr\/index.php\/led-coachs\/\"]}]},{\"@type\":\"BreadcrumbList\",\"@id\":\"https:\/\/studionavaya.fr\/index.php\/led-coachs\/#breadcrumb\",\"itemListElement\":[{\"@type\":\"ListItem\",\"position\":1,\"name\":\"Accueil\",\"item\":\"https:\/\/studionavaya.fr\/\"},{\"@type\":\"ListItem\",\"position\":2,\"name\":\"LES COACHS\"}]},{\"@type\":\"WebSite\",\"@id\":\"https:\/\/studionavaya.fr\/#website\",\"url\":\"https:\/\/studionavaya.fr\/\",\"name\":\"Studio Navaya\",\"description\":\"\",\"publisher\":{\"@id\":\"https:\/\/studionavaya.fr\/#organization\"},\"potentialAction\":[{\"@type\":\"SearchAction\",\"target\":{\"@type\":\"EntryPoint\",\"urlTemplate\":\"https:\/\/studionavaya.fr\/?s={search_term_string}\"},\"query-input\":{\"@type\":\"PropertyValueSpecification\",\"valueRequired\":true,\"valueName\":\"search_term_string\"}}],\"inLanguage\":\"fr-FR\"},{\"@type\":\"Organization\",\"@id\":\"https:\/\/studionavaya.fr\/#organization\",\"name\":\"Studio Navaya\",\"url\":\"https:\/\/studionavaya.fr\/\",\"logo\":{\"@type\":\"ImageObject\",\"inLanguage\":\"fr-FR\",\"@id\":\"https:\/\/studionavaya.fr\/#\/schema\/logo\/image\/\",\"url\":\"https:\/\/studionavaya.fr\/wp-content\/uploads\/2025\/07\/logo-navaya-test-site-1.png\",\"contentUrl\":\"https:\/\/studionavaya.fr\/wp-content\/uploads\/2025\/07\/logo-navaya-test-site-1.png\",\"width\":1080,\"height\":1080,\"caption\":\"Studio Navaya\"},\"image\":{\"@id\":\"https:\/\/studionavaya.fr\/#\/schema\/logo\/image\/\"},\"sameAs\":[\"https:\/\/www.facebook.com\/people\/Studio-Navaya\/61578017626434\/?_rdr\",\"https:\/\/www.instagram.com\/studionavaya\/\"]}]}<\/script>\n<!-- \/ Yoast SEO plugin. -->","yoast_head_json":{"title":"Nos Coachs Pilates \u00e0 Plaisance-du-Touch | Studio Navaya","description":"Faites connaissance avec les coachs de Studio Navaya \u00e0 Plaisance-du-Touch. Une \u00e9quipe bienveillante et experte en Pilates et Yoga","robots":{"index":"index","follow":"follow","max-snippet":"max-snippet:-1","max-image-preview":"max-image-preview:large","max-video-preview":"max-video-preview:-1"},"canonical":"https:\/\/studionavaya.fr\/index.php\/led-coachs\/","og_locale":"fr_FR","og_type":"article","og_title":"Nos Coachs Pilates \u00e0 Plaisance-du-Touch | Studio Navaya","og_description":"Faites connaissance avec les coachs de Studio Navaya \u00e0 Plaisance-du-Touch. Une \u00e9quipe bienveillante et experte en Pilates et Yoga","og_url":"https:\/\/studionavaya.fr\/index.php\/led-coachs\/","og_site_name":"Studio Navaya","article_publisher":"https:\/\/www.facebook.com\/people\/Studio-Navaya\/61578017626434\/?_rdr","article_modified_time":"2026-02-26T10:10:27+00:00","twitter_card":"summary_large_image","schema":{"@context":"https:\/\/schema.org","@graph":[{"@type":"WebPage","@id":"https:\/\/studionavaya.fr\/index.php\/led-coachs\/","url":"https:\/\/studionavaya.fr\/index.php\/led-coachs\/","name":"Nos Coachs Pilates \u00e0 Plaisance-du-Touch | Studio Navaya","isPartOf":{"@id":"https:\/\/studionavaya.fr\/#website"},"datePublished":"2025-07-25T10:10:54+00:00","dateModified":"2026-02-26T10:10:27+00:00","description":"Faites connaissance avec les coachs de Studio Navaya \u00e0 Plaisance-du-Touch. Une \u00e9quipe bienveillante et experte en Pilates et Yoga","breadcrumb":{"@id":"https:\/\/studionavaya.fr\/index.php\/led-coachs\/#breadcrumb"},"inLanguage":"fr-FR","potentialAction":[{"@type":"ReadAction","target":["https:\/\/studionavaya.fr\/index.php\/led-coachs\/"]}]},{"@type":"BreadcrumbList","@id":"https:\/\/studionavaya.fr\/index.php\/led-coachs\/#breadcrumb","itemListElement":[{"@type":"ListItem","position":1,"name":"Accueil","item":"https:\/\/studionavaya.fr\/"},{"@type":"ListItem","position":2,"name":"LES COACHS"}]},{"@type":"WebSite","@id":"https:\/\/studionavaya.fr\/#website","url":"https:\/\/studionavaya.fr\/","name":"Studio Navaya","description":"","publisher":{"@id":"https:\/\/studionavaya.fr\/#organization"},"potentialAction":[{"@type":"SearchAction","target":{"@type":"EntryPoint","urlTemplate":"https:\/\/studionavaya.fr\/?s={search_term_string}"},"query-input":{"@type":"PropertyValueSpecification","valueRequired":true,"valueName":"search_term_string"}}],"inLanguage":"fr-FR"},{"@type":"Organization","@id":"https:\/\/studionavaya.fr\/#organization","name":"Studio Navaya","url":"https:\/\/studionavaya.fr\/","logo":{"@type":"ImageObject","inLanguage":"fr-FR","@id":"https:\/\/studionavaya.fr\/#\/schema\/logo\/image\/","url":"https:\/\/studionavaya.fr\/wp-content\/uploads\/2025\/07\/logo-navaya-test-site-1.png","contentUrl":"https:\/\/studionavaya.fr\/wp-content\/uploads\/2025\/07\/logo-navaya-test-site-1.png","width":1080,"height":1080,"caption":"Studio Navaya"},"image":{"@id":"https:\/\/studionavaya.fr\/#\/schema\/logo\/image\/"},"sameAs":["https:\/\/www.facebook.com\/people\/Studio-Navaya\/61578017626434\/?_rdr","https:\/\/www.instagram.com\/studionavaya\/"]}]}},"_links":{"self":[{"href":"https:\/\/studionavaya.fr\/index.php\/wp-json\/wp\/v2\/pages\/258","targetHints":{"allow":["GET"]}}],"collection":[{"href":"https:\/\/studionavaya.fr\/index.php\/wp-json\/wp\/v2\/pages"}],"about":[{"href":"https:\/\/studionavaya.fr\/index.php\/wp-json\/wp\/v2\/types\/page"}],"author":[{"embeddable":true,"href":"https:\/\/studionavaya.fr\/index.php\/wp-json\/wp\/v2\/users\/1"}],"replies":[{"embeddable":true,"href":"https:\/\/studionavaya.fr\/index.php\/wp-json\/wp\/v2\/comments?post=258"}],"version-history":[{"count":20,"href":"https:\/\/studionavaya.fr\/index.php\/wp-json\/wp\/v2\/pages\/258\/revisions"}],"predecessor-version":[{"id":1910,"href":"https:\/\/studionavaya.fr\/index.php\/wp-json\/wp\/v2\/pages\/258\/revisions\/1910"}],"wp:attachment":[{"href":"https:\/\/studionavaya.fr\/index.php\/wp-json\/wp\/v2\/media?parent=258"}],"curies":[{"name":"wp","href":"https:\/\/api.w.org\/{rel}","templated":true}]}}